{"id":79,"date":"2024-07-01T08:07:25","date_gmt":"2024-07-01T08:07:25","guid":{"rendered":"http:\/\/vihdinjaahalli.fi.wwwdev1.kyberjoukot.fi\/?page_id=79"},"modified":"2025-01-15T15:38:17","modified_gmt":"2025-01-15T12:38:17","slug":"palloiluhalli","status":"publish","type":"page","link":"https:\/\/vihdinurheiluhallit.fi\/?page_id=79","title":{"rendered":"Autohuiput Areena"},"content":{"rendered":"<div id=\"fb-root\"><\/div>\n\n<p>Monitoimiareena Autohuiput Areena aukesi tammikuussa 2020 ja sijaitsee osoitteessa Naarapajuntie 17, Nummela.&nbsp;<\/p>\n\n\n\n<p>Hallissa on t\u00e4ysimittainen jalkapallokentt\u00e4 sek\u00e4 paikat pituushypyn, lyhyen matkan juoksun, korkeushypyn ja seiv\u00e4shypyn harjoitteluun. Hallissa on nelj\u00e4 pukukoppia suihkuineen sek\u00e4 kaksi yleist\u00e4 wc:t\u00e4. Aulassa on limuautomaatti.<\/p>\n\n\n\n<figure class=\"wp-block-gallery aligncenter has-nested-images columns-default is-cropped wp-block-gallery-1 is-layout-flex wp-block-gallery-is-layout-flex\">\n<figure class=\"wp-block-image size-large\"><img fetchpriority=\"high\" decoding=\"async\" width=\"1024\" height=\"768\" data-id=\"535\" src=\"https:\/\/vihdinurheiluhallit.fi\/wp-content\/uploads\/2024\/11\/WhatsApp-Image-2024-11-08-at-15.23.31-1024x768.jpeg\" alt=\"\" class=\"wp-image-535\" srcset=\"https:\/\/vihdinurheiluhallit.fi\/wp-content\/uploads\/2024\/11\/WhatsApp-Image-2024-11-08-at-15.23.31-1024x768.jpeg 1024w, https:\/\/vihdinurheiluhallit.fi\/wp-content\/uploads\/2024\/11\/WhatsApp-Image-2024-11-08-at-15.23.31-300x225.jpeg 300w, https:\/\/vihdinurheiluhallit.fi\/wp-content\/uploads\/2024\/11\/WhatsApp-Image-2024-11-08-at-15.23.31-768x576.jpeg 768w, https:\/\/vihdinurheiluhallit.fi\/wp-content\/uploads\/2024\/11\/WhatsApp-Image-2024-11-08-at-15.23.31-1536x1152.jpeg 1536w, https:\/\/vihdinurheiluhallit.fi\/wp-content\/uploads\/2024\/11\/WhatsApp-Image-2024-11-08-at-15.23.31-600x450.jpeg 600w, https:\/\/vihdinurheiluhallit.fi\/wp-content\/uploads\/2024\/11\/WhatsApp-Image-2024-11-08-at-15.23.31.jpeg 1600w\" sizes=\"(max-width: 1024px) 100vw, 1024px\" \/><\/figure>\n<\/figure>\n\n\n\n<p><\/p>\n\n\n\n<figure class=\"wp-block-gallery has-nested-images columns-default is-cropped wp-block-gallery-2 is-layout-flex wp-block-gallery-is-layout-flex\">\n<figure class=\"wp-block-image size-full\"><img decoding=\"async\" width=\"2560\" height=\"1707\" data-id=\"447\" src=\"https:\/\/vihdinurheiluhallit.fi\/wp-content\/uploads\/2024\/11\/IMG_9970-scaled.jpg\" alt=\"\" class=\"wp-image-447\" srcset=\"https:\/\/vihdinurheiluhallit.fi\/wp-content\/uploads\/2024\/11\/IMG_9970-scaled.jpg 2560w, https:\/\/vihdinurheiluhallit.fi\/wp-content\/uploads\/2024\/11\/IMG_9970-300x200.jpg 300w, https:\/\/vihdinurheiluhallit.fi\/wp-content\/uploads\/2024\/11\/IMG_9970-1024x683.jpg 1024w, https:\/\/vihdinurheiluhallit.fi\/wp-content\/uploads\/2024\/11\/IMG_9970-768x512.jpg 768w, https:\/\/vihdinurheiluhallit.fi\/wp-content\/uploads\/2024\/11\/IMG_9970-1536x1024.jpg 1536w, https:\/\/vihdinurheiluhallit.fi\/wp-content\/uploads\/2024\/11\/IMG_9970-2048x1365.jpg 2048w, https:\/\/vihdinurheiluhallit.fi\/wp-content\/uploads\/2024\/11\/IMG_9970-600x400.jpg 600w\" sizes=\"(max-width: 2560px) 100vw, 2560px\" \/><\/figure>\n\n\n\n<figure class=\"wp-block-image size-full\"><img decoding=\"async\" width=\"2560\" height=\"1707\" data-id=\"445\" src=\"https:\/\/vihdinurheiluhallit.fi\/wp-content\/uploads\/2024\/11\/IMG_9983-scaled.jpg\" alt=\"\" class=\"wp-image-445\" srcset=\"https:\/\/vihdinurheiluhallit.fi\/wp-content\/uploads\/2024\/11\/IMG_9983-scaled.jpg 2560w, https:\/\/vihdinurheiluhallit.fi\/wp-content\/uploads\/2024\/11\/IMG_9983-300x200.jpg 300w, https:\/\/vihdinurheiluhallit.fi\/wp-content\/uploads\/2024\/11\/IMG_9983-1024x683.jpg 1024w, https:\/\/vihdinurheiluhallit.fi\/wp-content\/uploads\/2024\/11\/IMG_9983-768x512.jpg 768w, https:\/\/vihdinurheiluhallit.fi\/wp-content\/uploads\/2024\/11\/IMG_9983-1536x1024.jpg 1536w, https:\/\/vihdinurheiluhallit.fi\/wp-content\/uploads\/2024\/11\/IMG_9983-2048x1365.jpg 2048w, https:\/\/vihdinurheiluhallit.fi\/wp-content\/uploads\/2024\/11\/IMG_9983-600x400.jpg 600w\" sizes=\"(max-width: 2560px) 100vw, 2560px\" \/><\/figure>\n\n\n\n<figure class=\"wp-block-image size-full\"><img loading=\"lazy\" decoding=\"async\" width=\"2560\" height=\"1707\" data-id=\"443\" src=\"https:\/\/vihdinurheiluhallit.fi\/wp-content\/uploads\/2024\/11\/IMG_9960-scaled.jpg\" alt=\"\" class=\"wp-image-443\" srcset=\"https:\/\/vihdinurheiluhallit.fi\/wp-content\/uploads\/2024\/11\/IMG_9960-scaled.jpg 2560w, https:\/\/vihdinurheiluhallit.fi\/wp-content\/uploads\/2024\/11\/IMG_9960-300x200.jpg 300w, https:\/\/vihdinurheiluhallit.fi\/wp-content\/uploads\/2024\/11\/IMG_9960-1024x683.jpg 1024w, https:\/\/vihdinurheiluhallit.fi\/wp-content\/uploads\/2024\/11\/IMG_9960-768x512.jpg 768w, https:\/\/vihdinurheiluhallit.fi\/wp-content\/uploads\/2024\/11\/IMG_9960-1536x1024.jpg 1536w, https:\/\/vihdinurheiluhallit.fi\/wp-content\/uploads\/2024\/11\/IMG_9960-2048x1365.jpg 2048w, https:\/\/vihdinurheiluhallit.fi\/wp-content\/uploads\/2024\/11\/IMG_9960-600x400.jpg 600w\" sizes=\"(max-width: 2560px) 100vw, 2560px\" \/><\/figure>\n\n\n\n<figure class=\"wp-block-image size-full\"><img loading=\"lazy\" decoding=\"async\" width=\"2560\" height=\"1707\" data-id=\"595\" src=\"https:\/\/vihdinurheiluhallit.fi\/wp-content\/uploads\/2024\/11\/IMG_9959-scaled.jpg\" alt=\"\" class=\"wp-image-595\" srcset=\"https:\/\/vihdinurheiluhallit.fi\/wp-content\/uploads\/2024\/11\/IMG_9959-scaled.jpg 2560w, https:\/\/vihdinurheiluhallit.fi\/wp-content\/uploads\/2024\/11\/IMG_9959-300x200.jpg 300w, https:\/\/vihdinurheiluhallit.fi\/wp-content\/uploads\/2024\/11\/IMG_9959-1024x683.jpg 1024w, https:\/\/vihdinurheiluhallit.fi\/wp-content\/uploads\/2024\/11\/IMG_9959-768x512.jpg 768w, https:\/\/vihdinurheiluhallit.fi\/wp-content\/uploads\/2024\/11\/IMG_9959-1536x1024.jpg 1536w, https:\/\/vihdinurheiluhallit.fi\/wp-content\/uploads\/2024\/11\/IMG_9959-2048x1365.jpg 2048w, https:\/\/vihdinurheiluhallit.fi\/wp-content\/uploads\/2024\/11\/IMG_9959-600x400.jpg 600w\" sizes=\"(max-width: 2560px) 100vw, 2560px\" \/><\/figure>\n\n\n\n<figure class=\"wp-block-image size-full\"><img loading=\"lazy\" decoding=\"async\" width=\"2560\" height=\"1707\" data-id=\"439\" src=\"https:\/\/vihdinurheiluhallit.fi\/wp-content\/uploads\/2024\/11\/IMG_9966-scaled.jpg\" alt=\"\" class=\"wp-image-439\" srcset=\"https:\/\/vihdinurheiluhallit.fi\/wp-content\/uploads\/2024\/11\/IMG_9966-scaled.jpg 2560w, https:\/\/vihdinurheiluhallit.fi\/wp-content\/uploads\/2024\/11\/IMG_9966-300x200.jpg 300w, https:\/\/vihdinurheiluhallit.fi\/wp-content\/uploads\/2024\/11\/IMG_9966-1024x683.jpg 1024w, https:\/\/vihdinurheiluhallit.fi\/wp-content\/uploads\/2024\/11\/IMG_9966-768x512.jpg 768w, https:\/\/vihdinurheiluhallit.fi\/wp-content\/uploads\/2024\/11\/IMG_9966-1536x1024.jpg 1536w, https:\/\/vihdinurheiluhallit.fi\/wp-content\/uploads\/2024\/11\/IMG_9966-2048x1365.jpg 2048w, https:\/\/vihdinurheiluhallit.fi\/wp-content\/uploads\/2024\/11\/IMG_9966-600x400.jpg 600w\" sizes=\"(max-width: 2560px) 100vw, 2560px\" \/><\/figure>\n\n\n\n<figure class=\"wp-block-image size-large\"><img loading=\"lazy\" decoding=\"async\" width=\"1024\" height=\"768\" data-id=\"649\" src=\"https:\/\/vihdinurheiluhallit.fi\/wp-content\/uploads\/2025\/01\/20241225_181447-1024x768.jpg\" alt=\"\" class=\"wp-image-649\" srcset=\"https:\/\/vihdinurheiluhallit.fi\/wp-content\/uploads\/2025\/01\/20241225_181447-1024x768.jpg 1024w, https:\/\/vihdinurheiluhallit.fi\/wp-content\/uploads\/2025\/01\/20241225_181447-300x225.jpg 300w, https:\/\/vihdinurheiluhallit.fi\/wp-content\/uploads\/2025\/01\/20241225_181447-768x576.jpg 768w, https:\/\/vihdinurheiluhallit.fi\/wp-content\/uploads\/2025\/01\/20241225_181447-1536x1152.jpg 1536w, https:\/\/vihdinurheiluhallit.fi\/wp-content\/uploads\/2025\/01\/20241225_181447-2048x1536.jpg 2048w, https:\/\/vihdinurheiluhallit.fi\/wp-content\/uploads\/2025\/01\/20241225_181447-600x450.jpg 600w\" sizes=\"(max-width: 1024px) 100vw, 1024px\" \/><\/figure>\n<\/figure>\n\n\n\n<p><\/p>\n\n\n\n<h5 class=\"wp-block-heading\">Monitoimiareena kartalla<\/h5>\n\n\n\n<iframe src=\"https:\/\/www.google.com\/maps\/embed?pb=!1m18!1m12!1m3!1d1975.3539623766505!2d24.307958077408067!3d60.32373943102955!2m3!1f0!2f0!3f0!3m2!1i1024!2i768!4f13.1!3m3!1m2!1s0x468de99b26e8145b%3A0xca2e0e51294487e9!2sAura%20Light%20Certos%20Areena!5e0!3m2!1sfi!2sfi!4v1719823964786!5m2!1sfi!2sfi\" width=\"600\" height=\"450\" style=\"border:0;\" allowfullscreen=\"true\" loading=\"lazy\" referrerpolicy=\"no-referrer-when-downgrade\"><\/iframe>\n\n\n\n<p><\/p>\n\n\n\n<h5 class=\"wp-block-heading\">Monitoimiareenan k\u00e4ytt\u00e4j\u00e4s\u00e4\u00e4nn\u00f6t<\/h5>\n\n\n\n<div class=\"wp-block-file\"><a id=\"wp-block-file--media-7fc43108-9004-4837-978c-091b6f362d06\" href=\"https:\/\/vihdinurheiluhallit.fi\/wp-content\/uploads\/2024\/11\/Autohuiput-areena-saannot.pdf\">Autohuiput Areena sa\u0308a\u0308nno\u0308t<\/a><a href=\"https:\/\/vihdinurheiluhallit.fi\/wp-content\/uploads\/2024\/11\/Autohuiput-areena-saannot.pdf\" class=\"wp-block-file__button wp-element-button\" download aria-describedby=\"wp-block-file--media-7fc43108-9004-4837-978c-091b6f362d06\">Lataa<\/a><\/div>\n","protected":false},"excerpt":{"rendered":"<p>Monitoimiareena Autohuiput Areena aukesi tammikuussa 2020 ja sijaitsee osoitteessa Naarapajuntie 17, Nummela.&nbsp; Hallissa on t\u00e4ysimittainen jalkapallokentt\u00e4 sek\u00e4 paikat pituushypyn, lyhyen matkan juoksun, korkeushypyn ja seiv\u00e4shypyn harjoitteluun. Hallissa on nelj\u00e4 pukukoppia suihkuineen sek\u00e4 kaksi yleist\u00e4 wc:t\u00e4. Aulassa on limuautomaatti. Monitoimiareena kartalla Monitoimiareenan k\u00e4ytt\u00e4j\u00e4s\u00e4\u00e4nn\u00f6t<\/p>\n","protected":false},"author":3,"featured_media":0,"parent":0,"menu_order":0,"comment_status":"closed","ping_status":"closed","template":"","meta":{"footnotes":""},"class_list":["post-79","page","type-page","status-publish","hentry"],"_links":{"self":[{"href":"https:\/\/vihdinurheiluhallit.fi\/index.php?rest_route=\/wp\/v2\/pages\/79","targetHints":{"allow":["GET"]}}],"collection":[{"href":"https:\/\/vihdinurheiluhallit.fi\/index.php?rest_route=\/wp\/v2\/pages"}],"about":[{"href":"https:\/\/vihdinurheiluhallit.fi\/index.php?rest_route=\/wp\/v2\/types\/page"}],"author":[{"embeddable":true,"href":"https:\/\/vihdinurheiluhallit.fi\/index.php?rest_route=\/wp\/v2\/users\/3"}],"replies":[{"embeddable":true,"href":"https:\/\/vihdinurheiluhallit.fi\/index.php?rest_route=%2Fwp%2Fv2%2Fcomments&post=79"}],"version-history":[{"count":35,"href":"https:\/\/vihdinurheiluhallit.fi\/index.php?rest_route=\/wp\/v2\/pages\/79\/revisions"}],"predecessor-version":[{"id":651,"href":"https:\/\/vihdinurheiluhallit.fi\/index.php?rest_route=\/wp\/v2\/pages\/79\/revisions\/651"}],"wp:attachment":[{"href":"https:\/\/vihdinurheiluhallit.fi\/index.php?rest_route=%2Fwp%2Fv2%2Fmedia&parent=79"}],"curies":[{"name":"wp","href":"https:\/\/api.w.org\/{rel}","templated":true}]}}