{"id":199,"date":"2024-07-01T13:38:44","date_gmt":"2024-07-01T13:38:44","guid":{"rendered":"https:\/\/vihdinjaahalli.fi.wwwdev1.kyberjoukot.fi\/?page_id=199"},"modified":"2025-10-14T13:30:38","modified_gmt":"2025-10-14T10:30:38","slug":"etusivu","status":"publish","type":"page","link":"https:\/\/vihdinurheiluhallit.fi\/","title":{"rendered":"Vihdin Urheiluhallit Oy"},"content":{"rendered":"<div id=\"fb-root\"><\/div>\n\n<p>Tervetuloa sivuillemme. T\u00e4\u00e4lt\u00e4 l\u00f6yd\u00e4t tietoa yll\u00e4pit\u00e4mist\u00e4mme urheilupaikoista. Olemme vaihtaneet nimemme (ent. Oy Vihdin J\u00e4\u00e4halli Ab), mutta toiminta jatkuu samana. <\/p>\n\n\n\n<p><strong>Hallimme ovat (klikkaa linkki auki):  <\/strong><\/p>\n\n\n\n<ul class=\"wp-block-list\">\n<li><u><a href=\"https:\/\/vihdinurheiluhallit.fi\/?page_id=23\" data-type=\"link\" data-id=\"https:\/\/vihdinurheiluhallit.fi\/?page_id=23\">Esbecon areena: j\u00e4\u00e4hallit (kilpa- ja harjoitushalli)<\/a><\/u><\/li>\n\n\n\n<li><u><a href=\"https:\/\/vihdinurheiluhallit.fi\/?page_id=79\" data-type=\"link\" data-id=\"https:\/\/vihdinurheiluhallit.fi\/?page_id=79\">Autohuiput Areena: Etel\u00e4-Nummelan monitoimi- ja palloiluhalli<\/a><\/u><\/li>\n\n\n\n<li><u><a href=\"https:\/\/vihdinurheiluhallit.fi\/?page_id=139\">Aura Light Areena: Lankilan kamppailuareena<\/a><\/u><\/li>\n<\/ul>\n\n\n\n<figure class=\"wp-block-pullquote\"><blockquote><p><strong>Liikuntapaikkahoitajan p\u00e4ivystysnumero <\/strong><br><strong>040 77 85 067<\/strong><\/p><\/blockquote><\/figure>\n\n\n\n<div class=\"wp-block-query is-layout-flow wp-block-query-is-layout-flow\"><ul class=\"columns-3 wp-block-post-template is-layout-grid wp-container-core-post-template-is-layout-2fc57c17 wp-block-post-template-is-layout-grid\"><li class=\"wp-block-post post-185 post type-post status-publish format-standard hentry category-kayttajat\">\n\n<div class=\"wp-block-columns is-layout-flex wp-container-core-columns-is-layout-9d6595d7 wp-block-columns-is-layout-flex\">\n<div class=\"wp-block-column is-vertically-aligned-center is-layout-flow wp-block-column-is-layout-flow\" style=\"flex-basis:100%\">\n<div class=\"wp-block-group\" style=\"padding-top:30px;padding-right:30px;padding-bottom:30px;padding-left:30px\"><div class=\"wp-block-group__inner-container is-layout-flow wp-block-group-is-layout-flow\"><h5 class=\"wp-block-post-title\"><a href=\"https:\/\/vihdinurheiluhallit.fi\/?p=185\" target=\"_self\" >Pelastussuunnitelma<\/a><\/h5>\n\n<div class=\"wp-block-post-excerpt\"><p class=\"wp-block-post-excerpt__excerpt\">T\u00e4st\u00e4 l\u00f6yd\u00e4t eri hallien turvallisuus- ja pelastussuunnitelmat.<\/p><p class=\"wp-block-post-excerpt__more-text\"><a class=\"wp-block-post-excerpt__more-link\" href=\"https:\/\/vihdinurheiluhallit.fi\/?p=185\">Lue lis\u00e4\u00e4.<\/a><\/p><\/div><\/div><\/div>\n<\/div>\n<\/div>\n\n<\/li><li class=\"wp-block-post post-367 post type-post status-publish format-standard hentry category-kayttajat\">\n\n<div class=\"wp-block-columns is-layout-flex wp-container-core-columns-is-layout-9d6595d7 wp-block-columns-is-layout-flex\">\n<div class=\"wp-block-column is-vertically-aligned-center is-layout-flow wp-block-column-is-layout-flow\" style=\"flex-basis:100%\">\n<div class=\"wp-block-group\" style=\"padding-top:30px;padding-right:30px;padding-bottom:30px;padding-left:30px\"><div class=\"wp-block-group__inner-container is-layout-flow wp-block-group-is-layout-flow\"><h5 class=\"wp-block-post-title\"><a href=\"https:\/\/vihdinurheiluhallit.fi\/?p=367\" target=\"_self\" >Tee vikailmoitus<\/a><\/h5>\n\n<div class=\"wp-block-post-excerpt\"><p class=\"wp-block-post-excerpt__excerpt\">T\u00e4\u00e4ll\u00e4 voit tehd\u00e4 vikailmoituksen toimipaikkoihimme liittyen.<\/p><p class=\"wp-block-post-excerpt__more-text\"><a class=\"wp-block-post-excerpt__more-link\" href=\"https:\/\/vihdinurheiluhallit.fi\/?p=367\">Lue lis\u00e4\u00e4.<\/a><\/p><\/div><\/div><\/div>\n<\/div>\n<\/div>\n\n<\/li><\/ul><\/div>\n\n\n\n<figure class=\"wp-block-image size-large\"><img fetchpriority=\"high\" decoding=\"async\" width=\"2560\" height=\"1440\" src=\"https:\/\/vihdinurheiluhallit.fi\/wp-content\/uploads\/2025\/10\/Halli-sininen-edited-scaled.png\" alt=\"\" class=\"wp-image-777\" srcset=\"https:\/\/vihdinurheiluhallit.fi\/wp-content\/uploads\/2025\/10\/Halli-sininen-edited-scaled.png 2560w, https:\/\/vihdinurheiluhallit.fi\/wp-content\/uploads\/2025\/10\/Halli-sininen-edited-300x169.png 300w, https:\/\/vihdinurheiluhallit.fi\/wp-content\/uploads\/2025\/10\/Halli-sininen-edited-1024x576.png 1024w, https:\/\/vihdinurheiluhallit.fi\/wp-content\/uploads\/2025\/10\/Halli-sininen-edited-768x432.png 768w, https:\/\/vihdinurheiluhallit.fi\/wp-content\/uploads\/2025\/10\/Halli-sininen-edited-1536x864.png 1536w, https:\/\/vihdinurheiluhallit.fi\/wp-content\/uploads\/2025\/10\/Halli-sininen-edited-2048x1152.png 2048w, https:\/\/vihdinurheiluhallit.fi\/wp-content\/uploads\/2025\/10\/Halli-sininen-edited-600x338.png 600w\" sizes=\"(max-width: 2560px) 100vw, 2560px\" \/><\/figure>\n","protected":false},"excerpt":{"rendered":"<p>Tervetuloa sivuillemme. T\u00e4\u00e4lt\u00e4 l\u00f6yd\u00e4t tietoa yll\u00e4pit\u00e4mist\u00e4mme urheilupaikoista. Olemme vaihtaneet nimemme (ent. Oy Vihdin J\u00e4\u00e4halli Ab), mutta toiminta jatkuu samana. Hallimme ovat (klikkaa linkki auki): Liikuntapaikkahoitajan p\u00e4ivystysnumero 040 77 85 067<\/p>\n","protected":false},"author":3,"featured_media":0,"parent":0,"menu_order":0,"comment_status":"closed","ping_status":"closed","template":"","meta":{"footnotes":""},"class_list":["post-199","page","type-page","status-publish","hentry"],"_links":{"self":[{"href":"https:\/\/vihdinurheiluhallit.fi\/index.php?rest_route=\/wp\/v2\/pages\/199","targetHints":{"allow":["GET"]}}],"collection":[{"href":"https:\/\/vihdinurheiluhallit.fi\/index.php?rest_route=\/wp\/v2\/pages"}],"about":[{"href":"https:\/\/vihdinurheiluhallit.fi\/index.php?rest_route=\/wp\/v2\/types\/page"}],"author":[{"embeddable":true,"href":"https:\/\/vihdinurheiluhallit.fi\/index.php?rest_route=\/wp\/v2\/users\/3"}],"replies":[{"embeddable":true,"href":"https:\/\/vihdinurheiluhallit.fi\/index.php?rest_route=%2Fwp%2Fv2%2Fcomments&post=199"}],"version-history":[{"count":24,"href":"https:\/\/vihdinurheiluhallit.fi\/index.php?rest_route=\/wp\/v2\/pages\/199\/revisions"}],"predecessor-version":[{"id":779,"href":"https:\/\/vihdinurheiluhallit.fi\/index.php?rest_route=\/wp\/v2\/pages\/199\/revisions\/779"}],"wp:attachment":[{"href":"https:\/\/vihdinurheiluhallit.fi\/index.php?rest_route=%2Fwp%2Fv2%2Fmedia&parent=199"}],"curies":[{"name":"wp","href":"https:\/\/api.w.org\/{rel}","templated":true}]}}