{"id":159,"date":"2024-07-01T12:37:14","date_gmt":"2024-07-01T12:37:14","guid":{"rendered":"http:\/\/vihdinjaahalli.fi.wwwdev1.kyberjoukot.fi\/?page_id=159"},"modified":"2024-11-14T23:32:28","modified_gmt":"2024-11-14T20:32:28","slug":"yhteystiedot","status":"publish","type":"page","link":"https:\/\/vihdinurheiluhallit.fi\/?page_id=159","title":{"rendered":"Yhteystiedot"},"content":{"rendered":"<div id=\"fb-root\"><\/div>\n\n<p>Asiakaspalautteet: info(at)vihdinurheiluhallit.fi<\/p>\n\n\n\n<h3 class=\"wp-block-heading\">Liikuntapaikat<\/h3>\n\n\n\n<p>Esbecon Areena (j\u00e4\u00e4kiekko): Kuoppanummentie 20, Nummela<\/p>\n\n\n\n<p>Autohuiput Areena (jalkapallo\/yleisurheilu): Naarapajuntie 17, Nummela<\/p>\n\n\n\n<p>Aura Light Areena (kamppailulajit): Juurakkotie 6, Nummela<\/p>\n\n\n\n<p><\/p>\n\n\n\n<h3 class=\"wp-block-heading\">Vihdin Urheiluhallit Oy<\/h3>\n\n\n\n<p>Y-Tunnus 0796321-3, <br>Kotipaikkakunta Vihti<\/p>\n\n\n\n<h5 class=\"wp-block-heading\">Postiosoite<\/h5>\n\n\n\n<p>Vihdin j\u00e4\u00e4halli,<br>PL 91,<br>03101 Nummela<\/p>\n\n\n\n<h5 class=\"wp-block-heading\">Liikuntapaikkajohtaja<\/h5>\n\n\n\n<p>Esa M\u00e4kinen, <br>040 58 08 013, <br>esa.makinen(at)vihdinurheiluhallit.fi<\/p>\n\n\n\n<h5 class=\"wp-block-heading\">Liikuntapaikkamestari<\/h5>\n\n\n\n<p>Joni M\u00e4kinen, <br>040 73 47 303, <br>joni.makinen(at)vihdinurheiluhallit.fi<\/p>\n\n\n\n<h5 class=\"wp-block-heading\">Liikuntapaikanhoitaja<\/h5>\n\n\n\n<p>P\u00e4ivystysnumero<br>040 77 85 067<\/p>\n\n\n\n<h5 class=\"wp-block-heading\">Kahvio\/Myym\u00e4l\u00e4<\/h5>\n\n\n\n<p>Sari M\u00e4kinen, <br>040 72 86 599<\/p>\n\n\n\n<h5 class=\"wp-block-heading\">J\u00e4\u00e4halliyhti\u00f6n hallitus<\/h5>\n\n\n\n<ul class=\"wp-block-list\">\n<li>Jarmo T\u00f6yr\u00e4s, hallituksen puheenjohtaja&nbsp;&nbsp;&nbsp;&nbsp;&nbsp;&nbsp;&nbsp;&nbsp;&nbsp;&nbsp;&nbsp;&nbsp;&nbsp;&nbsp;&nbsp;&nbsp;&nbsp;&nbsp;&nbsp;&nbsp;&nbsp;&nbsp;&nbsp;&nbsp; &nbsp;&nbsp;&nbsp;&nbsp;&nbsp;&nbsp;&nbsp;&nbsp;&nbsp;&nbsp;&nbsp;&nbsp;&nbsp;&nbsp;&nbsp; &nbsp;<\/li>\n\n\n\n<li>Timo Haaparanta, hallituksen j\u00e4sen&nbsp;&nbsp;&nbsp;<\/li>\n\n\n\n<li>Matti Harju, hallituksen j\u00e4sen&nbsp;&nbsp;&nbsp;&nbsp;&nbsp;&nbsp;&nbsp;&nbsp;&nbsp;&nbsp;&nbsp;&nbsp;&nbsp;&nbsp;&nbsp;&nbsp;&nbsp;&nbsp;&nbsp;&nbsp;&nbsp;&nbsp;&nbsp;&nbsp;&nbsp;&nbsp;&nbsp;&nbsp;&nbsp;&nbsp;&nbsp;&nbsp;&nbsp;&nbsp;&nbsp;&nbsp;&nbsp;&nbsp;&nbsp;&nbsp;&nbsp; &nbsp;&nbsp;&nbsp;&nbsp;&nbsp;&nbsp;&nbsp;&nbsp;&nbsp;&nbsp;&nbsp;&nbsp;&nbsp;&nbsp;&nbsp; &nbsp;<\/li>\n\n\n\n<li>Jani Heikkinen, hallituksen j\u00e4sen&nbsp;&nbsp;&nbsp;&nbsp;&nbsp;&nbsp;&nbsp;&nbsp;&nbsp;&nbsp;&nbsp;&nbsp;&nbsp;&nbsp;&nbsp;&nbsp;&nbsp;&nbsp;&nbsp;&nbsp;&nbsp;&nbsp;&nbsp;&nbsp;&nbsp;&nbsp;&nbsp;&nbsp;&nbsp;&nbsp;&nbsp;&nbsp;&nbsp;&nbsp;&nbsp;&nbsp;&nbsp;&nbsp;&nbsp;&nbsp;&nbsp;&nbsp;&nbsp;&nbsp; &nbsp;&nbsp;&nbsp;&nbsp;&nbsp;&nbsp;&nbsp;&nbsp;&nbsp;&nbsp;&nbsp;&nbsp;&nbsp;&nbsp;&nbsp; &nbsp;<\/li>\n\n\n\n<li>Kai Kuusela, hallituksen j\u00e4sen&nbsp;&nbsp;&nbsp;&nbsp;&nbsp;&nbsp;&nbsp;&nbsp;&nbsp;&nbsp;&nbsp;&nbsp;&nbsp;&nbsp;&nbsp;&nbsp;&nbsp;&nbsp;&nbsp;&nbsp;&nbsp;&nbsp;&nbsp;&nbsp;&nbsp;&nbsp;&nbsp;&nbsp;&nbsp;&nbsp;&nbsp;&nbsp;&nbsp;&nbsp;&nbsp;&nbsp;&nbsp;&nbsp;&nbsp;&nbsp;&nbsp;&nbsp;&nbsp;&nbsp; &nbsp;&nbsp;&nbsp;&nbsp;&nbsp;&nbsp;&nbsp;&nbsp;&nbsp;&nbsp;&nbsp;&nbsp;&nbsp;&nbsp;&nbsp; &nbsp;<\/li>\n\n\n\n<li>Markku Tolvanen, hallituksen j\u00e4sen<\/li>\n<\/ul>\n","protected":false},"excerpt":{"rendered":"<p>Asiakaspalautteet: info(at)vihdinurheiluhallit.fi Liikuntapaikat Esbecon Areena (j\u00e4\u00e4kiekko): Kuoppanummentie 20, Nummela Autohuiput Areena (jalkapallo\/yleisurheilu): Naarapajuntie 17, Nummela Aura Light Areena (kamppailulajit): Juurakkotie 6, Nummela Vihdin Urheiluhallit Oy Y-Tunnus 0796321-3, Kotipaikkakunta Vihti Postiosoite Vihdin j\u00e4\u00e4halli,PL 91,03101 Nummela Liikuntapaikkajohtaja Esa M\u00e4kinen, 040 58 08 013, esa.makinen(at)vihdinurheiluhallit.fi Liikuntapaikkamestari Joni M\u00e4kinen, 040 73 47 303, joni.makinen(at)vihdinurheiluhallit.fi Liikuntapaikanhoitaja P\u00e4ivystysnumero040 77 85 067 [&hellip;]<\/p>\n","protected":false},"author":3,"featured_media":0,"parent":0,"menu_order":0,"comment_status":"closed","ping_status":"closed","template":"","meta":{"footnotes":""},"class_list":["post-159","page","type-page","status-publish","hentry"],"_links":{"self":[{"href":"https:\/\/vihdinurheiluhallit.fi\/index.php?rest_route=\/wp\/v2\/pages\/159","targetHints":{"allow":["GET"]}}],"collection":[{"href":"https:\/\/vihdinurheiluhallit.fi\/index.php?rest_route=\/wp\/v2\/pages"}],"about":[{"href":"https:\/\/vihdinurheiluhallit.fi\/index.php?rest_route=\/wp\/v2\/types\/page"}],"author":[{"embeddable":true,"href":"https:\/\/vihdinurheiluhallit.fi\/index.php?rest_route=\/wp\/v2\/users\/3"}],"replies":[{"embeddable":true,"href":"https:\/\/vihdinurheiluhallit.fi\/index.php?rest_route=%2Fwp%2Fv2%2Fcomments&post=159"}],"version-history":[{"count":8,"href":"https:\/\/vihdinurheiluhallit.fi\/index.php?rest_route=\/wp\/v2\/pages\/159\/revisions"}],"predecessor-version":[{"id":617,"href":"https:\/\/vihdinurheiluhallit.fi\/index.php?rest_route=\/wp\/v2\/pages\/159\/revisions\/617"}],"wp:attachment":[{"href":"https:\/\/vihdinurheiluhallit.fi\/index.php?rest_route=%2Fwp%2Fv2%2Fmedia&parent=159"}],"curies":[{"name":"wp","href":"https:\/\/api.w.org\/{rel}","templated":true}]}}