{"id":139,"date":"2024-07-01T12:08:53","date_gmt":"2024-07-01T12:08:53","guid":{"rendered":"http:\/\/vihdinjaahalli.fi.wwwdev1.kyberjoukot.fi\/?page_id=139"},"modified":"2024-11-14T23:27:56","modified_gmt":"2024-11-14T20:27:56","slug":"kamppailuareena","status":"publish","type":"page","link":"https:\/\/vihdinurheiluhallit.fi\/?page_id=139","title":{"rendered":"Aura Light Areena"},"content":{"rendered":"<div id=\"fb-root\"><\/div>\n\n<p>Kamppailulajeille suunnattu Aura Light Areena toimii osoitteessa Juurakkotie 6, Nummela. Hallissa on k\u00e4ytt\u00e4jien omaan k\u00e4ytt\u00f6\u00f6n kahviotilat. Aulassa on limuautomaatti sek\u00e4 yleis\u00f6vessat. <\/p>\n\n\n\n<p>Hallissa toimintaansa harjoittavat:<\/p>\n\n\n\n<ul class=\"wp-block-list\">\n<li>Nummelan Kumakai<\/li>\n\n\n\n<li>Nummela Thaiboxing Club<\/li>\n\n\n\n<li>Nummelan Judo Ry&nbsp;<\/li>\n\n\n\n<li>Fight For Fun Ry<\/li>\n\n\n\n<li>Vihdin Tae Kwon Do seura Ry<\/li>\n<\/ul>\n\n\n\n<figure class=\"wp-block-image size-full\"><img fetchpriority=\"high\" decoding=\"async\" width=\"960\" height=\"720\" src=\"http:\/\/vihdinjaahalli.fi.wwwdev1.kyberjoukot.fi\/wp-content\/uploads\/2024\/07\/auralight-kamppailu.jpg\" alt=\"\" class=\"wp-image-143\" srcset=\"https:\/\/vihdinurheiluhallit.fi\/wp-content\/uploads\/2024\/07\/auralight-kamppailu.jpg 960w, https:\/\/vihdinurheiluhallit.fi\/wp-content\/uploads\/2024\/07\/auralight-kamppailu-300x225.jpg 300w, https:\/\/vihdinurheiluhallit.fi\/wp-content\/uploads\/2024\/07\/auralight-kamppailu-768x576.jpg 768w, https:\/\/vihdinurheiluhallit.fi\/wp-content\/uploads\/2024\/07\/auralight-kamppailu-600x450.jpg 600w\" sizes=\"(max-width: 960px) 100vw, 960px\" \/><\/figure>\n\n\n\n<figure class=\"wp-block-gallery has-nested-images columns-default is-cropped wp-block-gallery-1 is-layout-flex wp-block-gallery-is-layout-flex\">\n<figure class=\"wp-block-image size-full\"><img decoding=\"async\" width=\"1600\" height=\"1200\" data-id=\"529\" src=\"https:\/\/vihdinurheiluhallit.fi\/wp-content\/uploads\/2024\/11\/WhatsApp-Image-2024-11-08-at-12.34.12-1.jpeg\" alt=\"\" class=\"wp-image-529\" srcset=\"https:\/\/vihdinurheiluhallit.fi\/wp-content\/uploads\/2024\/11\/WhatsApp-Image-2024-11-08-at-12.34.12-1.jpeg 1600w, https:\/\/vihdinurheiluhallit.fi\/wp-content\/uploads\/2024\/11\/WhatsApp-Image-2024-11-08-at-12.34.12-1-300x225.jpeg 300w, https:\/\/vihdinurheiluhallit.fi\/wp-content\/uploads\/2024\/11\/WhatsApp-Image-2024-11-08-at-12.34.12-1-1024x768.jpeg 1024w, https:\/\/vihdinurheiluhallit.fi\/wp-content\/uploads\/2024\/11\/WhatsApp-Image-2024-11-08-at-12.34.12-1-768x576.jpeg 768w, https:\/\/vihdinurheiluhallit.fi\/wp-content\/uploads\/2024\/11\/WhatsApp-Image-2024-11-08-at-12.34.12-1-1536x1152.jpeg 1536w, https:\/\/vihdinurheiluhallit.fi\/wp-content\/uploads\/2024\/11\/WhatsApp-Image-2024-11-08-at-12.34.12-1-600x450.jpeg 600w\" sizes=\"(max-width: 1600px) 100vw, 1600px\" \/><\/figure>\n\n\n\n<figure class=\"wp-block-image size-full\"><img decoding=\"async\" width=\"1600\" height=\"1200\" data-id=\"527\" src=\"https:\/\/vihdinurheiluhallit.fi\/wp-content\/uploads\/2024\/11\/WhatsApp-Image-2024-11-08-at-12.34.12-2.jpeg\" alt=\"\" class=\"wp-image-527\" srcset=\"https:\/\/vihdinurheiluhallit.fi\/wp-content\/uploads\/2024\/11\/WhatsApp-Image-2024-11-08-at-12.34.12-2.jpeg 1600w, https:\/\/vihdinurheiluhallit.fi\/wp-content\/uploads\/2024\/11\/WhatsApp-Image-2024-11-08-at-12.34.12-2-300x225.jpeg 300w, https:\/\/vihdinurheiluhallit.fi\/wp-content\/uploads\/2024\/11\/WhatsApp-Image-2024-11-08-at-12.34.12-2-1024x768.jpeg 1024w, https:\/\/vihdinurheiluhallit.fi\/wp-content\/uploads\/2024\/11\/WhatsApp-Image-2024-11-08-at-12.34.12-2-768x576.jpeg 768w, https:\/\/vihdinurheiluhallit.fi\/wp-content\/uploads\/2024\/11\/WhatsApp-Image-2024-11-08-at-12.34.12-2-1536x1152.jpeg 1536w, https:\/\/vihdinurheiluhallit.fi\/wp-content\/uploads\/2024\/11\/WhatsApp-Image-2024-11-08-at-12.34.12-2-600x450.jpeg 600w\" sizes=\"(max-width: 1600px) 100vw, 1600px\" \/><\/figure>\n\n\n\n<figure class=\"wp-block-image size-full\"><img loading=\"lazy\" decoding=\"async\" width=\"1600\" height=\"1200\" data-id=\"525\" src=\"https:\/\/vihdinurheiluhallit.fi\/wp-content\/uploads\/2024\/11\/WhatsApp-Image-2024-11-08-at-12.34.12-3.jpeg\" alt=\"\" class=\"wp-image-525\" srcset=\"https:\/\/vihdinurheiluhallit.fi\/wp-content\/uploads\/2024\/11\/WhatsApp-Image-2024-11-08-at-12.34.12-3.jpeg 1600w, https:\/\/vihdinurheiluhallit.fi\/wp-content\/uploads\/2024\/11\/WhatsApp-Image-2024-11-08-at-12.34.12-3-300x225.jpeg 300w, https:\/\/vihdinurheiluhallit.fi\/wp-content\/uploads\/2024\/11\/WhatsApp-Image-2024-11-08-at-12.34.12-3-1024x768.jpeg 1024w, https:\/\/vihdinurheiluhallit.fi\/wp-content\/uploads\/2024\/11\/WhatsApp-Image-2024-11-08-at-12.34.12-3-768x576.jpeg 768w, https:\/\/vihdinurheiluhallit.fi\/wp-content\/uploads\/2024\/11\/WhatsApp-Image-2024-11-08-at-12.34.12-3-1536x1152.jpeg 1536w, https:\/\/vihdinurheiluhallit.fi\/wp-content\/uploads\/2024\/11\/WhatsApp-Image-2024-11-08-at-12.34.12-3-600x450.jpeg 600w\" sizes=\"(max-width: 1600px) 100vw, 1600px\" \/><\/figure>\n\n\n\n<figure class=\"wp-block-image size-full\"><img loading=\"lazy\" decoding=\"async\" width=\"1600\" height=\"1200\" data-id=\"523\" src=\"https:\/\/vihdinurheiluhallit.fi\/wp-content\/uploads\/2024\/11\/WhatsApp-Image-2024-11-08-at-12.34.12-4.jpeg\" alt=\"\" class=\"wp-image-523\" srcset=\"https:\/\/vihdinurheiluhallit.fi\/wp-content\/uploads\/2024\/11\/WhatsApp-Image-2024-11-08-at-12.34.12-4.jpeg 1600w, https:\/\/vihdinurheiluhallit.fi\/wp-content\/uploads\/2024\/11\/WhatsApp-Image-2024-11-08-at-12.34.12-4-300x225.jpeg 300w, https:\/\/vihdinurheiluhallit.fi\/wp-content\/uploads\/2024\/11\/WhatsApp-Image-2024-11-08-at-12.34.12-4-1024x768.jpeg 1024w, https:\/\/vihdinurheiluhallit.fi\/wp-content\/uploads\/2024\/11\/WhatsApp-Image-2024-11-08-at-12.34.12-4-768x576.jpeg 768w, https:\/\/vihdinurheiluhallit.fi\/wp-content\/uploads\/2024\/11\/WhatsApp-Image-2024-11-08-at-12.34.12-4-1536x1152.jpeg 1536w, https:\/\/vihdinurheiluhallit.fi\/wp-content\/uploads\/2024\/11\/WhatsApp-Image-2024-11-08-at-12.34.12-4-600x450.jpeg 600w\" sizes=\"(max-width: 1600px) 100vw, 1600px\" \/><\/figure>\n\n\n\n<figure class=\"wp-block-image size-full\"><img loading=\"lazy\" decoding=\"async\" width=\"1600\" height=\"1200\" data-id=\"521\" src=\"https:\/\/vihdinurheiluhallit.fi\/wp-content\/uploads\/2024\/11\/WhatsApp-Image-2024-11-08-at-12.34.12-5.jpeg\" alt=\"\" class=\"wp-image-521\" srcset=\"https:\/\/vihdinurheiluhallit.fi\/wp-content\/uploads\/2024\/11\/WhatsApp-Image-2024-11-08-at-12.34.12-5.jpeg 1600w, https:\/\/vihdinurheiluhallit.fi\/wp-content\/uploads\/2024\/11\/WhatsApp-Image-2024-11-08-at-12.34.12-5-300x225.jpeg 300w, https:\/\/vihdinurheiluhallit.fi\/wp-content\/uploads\/2024\/11\/WhatsApp-Image-2024-11-08-at-12.34.12-5-1024x768.jpeg 1024w, https:\/\/vihdinurheiluhallit.fi\/wp-content\/uploads\/2024\/11\/WhatsApp-Image-2024-11-08-at-12.34.12-5-768x576.jpeg 768w, https:\/\/vihdinurheiluhallit.fi\/wp-content\/uploads\/2024\/11\/WhatsApp-Image-2024-11-08-at-12.34.12-5-1536x1152.jpeg 1536w, https:\/\/vihdinurheiluhallit.fi\/wp-content\/uploads\/2024\/11\/WhatsApp-Image-2024-11-08-at-12.34.12-5-600x450.jpeg 600w\" sizes=\"(max-width: 1600px) 100vw, 1600px\" \/><\/figure>\n\n\n\n<figure class=\"wp-block-image size-full\"><img loading=\"lazy\" decoding=\"async\" width=\"1600\" height=\"1200\" data-id=\"531\" src=\"https:\/\/vihdinurheiluhallit.fi\/wp-content\/uploads\/2024\/11\/WhatsApp-Image-2024-11-08-at-12.34.12.jpeg\" alt=\"\" class=\"wp-image-531\" srcset=\"https:\/\/vihdinurheiluhallit.fi\/wp-content\/uploads\/2024\/11\/WhatsApp-Image-2024-11-08-at-12.34.12.jpeg 1600w, https:\/\/vihdinurheiluhallit.fi\/wp-content\/uploads\/2024\/11\/WhatsApp-Image-2024-11-08-at-12.34.12-300x225.jpeg 300w, https:\/\/vihdinurheiluhallit.fi\/wp-content\/uploads\/2024\/11\/WhatsApp-Image-2024-11-08-at-12.34.12-1024x768.jpeg 1024w, https:\/\/vihdinurheiluhallit.fi\/wp-content\/uploads\/2024\/11\/WhatsApp-Image-2024-11-08-at-12.34.12-768x576.jpeg 768w, https:\/\/vihdinurheiluhallit.fi\/wp-content\/uploads\/2024\/11\/WhatsApp-Image-2024-11-08-at-12.34.12-1536x1152.jpeg 1536w, https:\/\/vihdinurheiluhallit.fi\/wp-content\/uploads\/2024\/11\/WhatsApp-Image-2024-11-08-at-12.34.12-600x450.jpeg 600w\" sizes=\"(max-width: 1600px) 100vw, 1600px\" \/><\/figure>\n<\/figure>\n\n\n\n<p><\/p>\n\n\n\n<h5 class=\"wp-block-heading\">Kamppailuhalli kartalla<\/h5>\n\n\n\n<iframe src=\"https:\/\/www.google.com\/maps\/embed?pb=!1m18!1m12!1m3!1d1973.9640356860102!2d24.337233200000004!3d60.34671009999999!2m3!1f0!2f0!3f0!3m2!1i1024!2i768!4f13.1!3m3!1m2!1s0x468de9b139524039%3A0x8b38ba81ea8ce73c!2sAura%20Light%20Areena!5e0!3m2!1sfi!2sfi!4v1719835705799!5m2!1sfi!2sfi\" width=\"600\" height=\"450\" style=\"border:0;\" allowfullscreen=\"\" loading=\"lazy\" referrerpolicy=\"no-referrer-when-downgrade\"><\/iframe>\n\n\n\n<p><\/p>\n","protected":false},"excerpt":{"rendered":"<p>Kamppailulajeille suunnattu Aura Light Areena toimii osoitteessa Juurakkotie 6, Nummela. Hallissa on k\u00e4ytt\u00e4jien omaan k\u00e4ytt\u00f6\u00f6n kahviotilat. Aulassa on limuautomaatti sek\u00e4 yleis\u00f6vessat. Hallissa toimintaansa harjoittavat: Kamppailuhalli kartalla<\/p>\n","protected":false},"author":3,"featured_media":0,"parent":0,"menu_order":0,"comment_status":"closed","ping_status":"closed","template":"","meta":{"footnotes":""},"class_list":["post-139","page","type-page","status-publish","hentry"],"_links":{"self":[{"href":"https:\/\/vihdinurheiluhallit.fi\/index.php?rest_route=\/wp\/v2\/pages\/139","targetHints":{"allow":["GET"]}}],"collection":[{"href":"https:\/\/vihdinurheiluhallit.fi\/index.php?rest_route=\/wp\/v2\/pages"}],"about":[{"href":"https:\/\/vihdinurheiluhallit.fi\/index.php?rest_route=\/wp\/v2\/types\/page"}],"author":[{"embeddable":true,"href":"https:\/\/vihdinurheiluhallit.fi\/index.php?rest_route=\/wp\/v2\/users\/3"}],"replies":[{"embeddable":true,"href":"https:\/\/vihdinurheiluhallit.fi\/index.php?rest_route=%2Fwp%2Fv2%2Fcomments&post=139"}],"version-history":[{"count":6,"href":"https:\/\/vihdinurheiluhallit.fi\/index.php?rest_route=\/wp\/v2\/pages\/139\/revisions"}],"predecessor-version":[{"id":607,"href":"https:\/\/vihdinurheiluhallit.fi\/index.php?rest_route=\/wp\/v2\/pages\/139\/revisions\/607"}],"wp:attachment":[{"href":"https:\/\/vihdinurheiluhallit.fi\/index.php?rest_route=%2Fwp%2Fv2%2Fmedia&parent=139"}],"curies":[{"name":"wp","href":"https:\/\/api.w.org\/{rel}","templated":true}]}}